{"id":2310,"date":"2022-06-29T18:12:41","date_gmt":"2022-06-29T18:12:41","guid":{"rendered":"http:\/\/geoloquium.eu\/ficha-tecnica-aviso-legal-y-politica-de-privacidad\/"},"modified":"2023-03-20T11:32:49","modified_gmt":"2023-03-20T11:32:49","slug":"ficha-tecnica-aviso-legal-y-politica-de-privacidad","status":"publish","type":"page","link":"https:\/\/geoloquium.eu\/es\/ficha-tecnica-aviso-legal-y-politica-de-privacidad\/","title":{"rendered":"Ficha t\u00e9cnica, aviso legal y pol\u00edtica de privacidad"},"content":{"rendered":"<div class=\"fusion-fullwidth fullwidth-box fusion-builder-row-1 fusion-flex-container nonhundred-percent-fullwidth non-hundred-percent-height-scrolling\" style=\"--awb-border-radius-top-left:0px;--awb-border-radius-top-right:0px;--awb-border-radius-bottom-right:0px;--awb-border-radius-bottom-left:0px;--awb-flex-wrap:wrap;\" ><div class=\"fusion-builder-row fusion-row fusion-flex-align-items-flex-start fusion-flex-content-wrap\" style=\"max-width:1216.8px;margin-left: calc(-4% \/ 2 );margin-right: calc(-4% \/ 2 );\"><div class=\"fusion-layout-column fusion_builder_column fusion-builder-column-0 fusion_builder_column_1_1 1_1 fusion-flex-column\" style=\"--awb-bg-blend:overlay;--awb-bg-size:cover;--awb-width-large:100%;--awb-margin-top-large:0px;--awb-spacing-right-large:1.92%;--awb-margin-bottom-large:0px;--awb-spacing-left-large:1.92%;--awb-width-medium:100%;--awb-spacing-right-medium:1.92%;--awb-spacing-left-medium:1.92%;--awb-width-small:100%;--awb-spacing-right-small:1.92%;--awb-spacing-left-small:1.92%;\"><div class=\"fusion-column-wrapper fusion-flex-justify-content-flex-start fusion-content-layout-column\"><div class=\"fusion-text fusion-text-1\"><p><b>Operador del sitio<\/b> <b><i>web<\/i><\/b><\/p>\n<p><span style=\"font-weight: 400;\">Stefan Rosendahl (empresario individual)<\/span><\/p>\n<p><span style=\"font-weight: 400;\">Travessa Henrique Bernardo Ramos, 11<br \/>\n<\/span><span style=\"color: var(--awb-text-color); font-family: var(--awb-text-font-family); font-size: var(--awb-font-size); font-style: var(--awb-text-font-style); letter-spacing: var(--awb-letter-spacing); text-align: var(--awb-content-alignment); text-transform: var(--awb-text-transform); background-color: var(--awb-bg-color);\">8000-183 Faro<br \/>\n<\/span><span style=\"color: var(--awb-text-color); font-family: var(--awb-text-font-family); font-size: var(--awb-font-size); font-style: var(--awb-text-font-style); letter-spacing: var(--awb-letter-spacing); text-align: var(--awb-content-alignment); text-transform: var(--awb-text-transform); background-color: var(--awb-bg-color);\">Portugal<\/span><\/p>\n<p><b>Contacto<br \/>\n<\/b><span style=\"color: var(--awb-text-color); font-family: var(--awb-text-font-family); font-size: var(--awb-font-size); font-style: var(--awb-text-font-style); letter-spacing: var(--awb-letter-spacing); text-align: var(--awb-content-alignment); text-transform: var(--awb-text-transform); background-color: var(--awb-bg-color);\">Tel\u00e9fono: +351 967 811 384<br \/>\n<\/span><span style=\"color: var(--awb-text-color); font-family: var(--awb-text-font-family); font-size: var(--awb-font-size); font-style: var(--awb-text-font-style); font-weight: var(--awb-text-font-weight); letter-spacing: var(--awb-letter-spacing); text-align: var(--awb-content-alignment); text-transform: var(--awb-text-transform); background-color: var(--awb-bg-color);\">Correo electr\u00f3nico:<\/span> <a style=\"font-family: var(--awb-text-font-family); font-size: var(--awb-font-size); font-style: var(--awb-text-font-style); font-weight: var(--awb-text-font-weight); letter-spacing: var(--awb-letter-spacing); text-align: var(--awb-content-alignment); text-transform: var(--awb-text-transform); background-color: var(--awb-bg-color);\" href=\"mailto:info@geoloquium.eu\">info@geoloquium.eu<\/a><\/p>\n<p><b>NIF (n\u00famero fiscal)<br \/>\n<\/b><span style=\"color: var(--awb-text-color); font-family: var(--awb-text-font-family); font-size: var(--awb-font-size); font-style: var(--awb-text-font-style); letter-spacing: var(--awb-letter-spacing); text-align: var(--awb-content-alignment); text-transform: var(--awb-text-transform); background-color: var(--awb-bg-color);\">189 223 634<\/span><\/p>\n<p><b>Im\u00e1genes<br \/>\n<\/b><\/p>\n<p><span style=\"color: var(--awb-text-color); font-family: var(--awb-text-font-family); font-size: var(--awb-font-size); font-style: var(--awb-text-font-style); letter-spacing: var(--awb-letter-spacing); text-align: var(--awb-content-alignment); text-transform: var(--awb-text-transform); background-color: var(--awb-bg-color);\">\u00a9Stefan Rosendahl, Marta Mar\u00e7al Gon\u00e7alves (salvo que se indique lo contrario).<br \/>\n<\/span><span style=\"background-color: var(--awb-bg-color); color: var(--awb-text-color); font-family: var(--awb-text-font-family); font-size: var(--awb-font-size); font-style: var(--awb-text-font-style); letter-spacing: var(--awb-letter-spacing); text-align: var(--awb-content-alignment); text-transform: var(--awb-text-transform); font-weight: var(--awb-text-font-weight);\">Uso no comercial permitido bajo petici\u00f3n.<\/span><\/p>\n<p><b> <\/b><\/p>\n<p><b> <\/b><\/p>\n<p><b>Exclusi\u00f3n de Responsabilidad<\/b><\/p>\n<p><span style=\"font-weight: 400;\">El operador del sitio<\/span> <i><span style=\"font-weight: 400;\">web<\/span><\/i><span style=\"font-weight: 400;\"> no asume ninguna responsabilidad por la actualidad, exactitud, completitud o calidad de las informaciones proporcionadas en estas p\u00e1ginas. Las reclamaciones de responsabilidad contra el operador, relacionadas con da\u00f1os materiales o inmateriales causados por el uso o no uso de la informaci\u00f3n proporcionada o por el uso de informaci\u00f3n incorrecta e incompleta, ser\u00e1n siempre excluidas, siempre que no haya pruebas de un fallo intencionado o de un comportamiento negligente por parte del operador.<\/span><\/p>\n<p><span style=\"font-weight: 400;\">El operador del sitio web <i><span style=\"font-weight: 400;\"> <\/span><\/i><span style=\"font-weight: 400;\">se reserva expresamente el derecho de modificar, complementar o eliminar partes de las p\u00e1ginas o toda la oferta o de interrumpir temporal o permanentemente la publicaci\u00f3n sin previo aviso.<\/span><\/span><\/p>\n<p><span style=\"font-weight: 400;\">En el caso de enlaces directos o indirectos a sitios de terceros (\u00abhiperlinks\u00bb) <i><span style=\"font-weight: 400;\"><\/span><span style=\"font-weight: 400;\"> <\/span>que est\u00e1n fuera del \u00e1rea de responsabilidad del operador del sitio web<i><span style=\"font-weight: 400;\"><\/span><\/i><\/i><\/span><span style=\"font-weight: 400;\">, la responsabilidad solo entrar\u00eda en vigor si el operador tuviera conocimiento del contenido y si fuera t\u00e9cnicamente posible y razonable evitar el uso del contenido ilegal. El operador declara expresamente que ning\u00fan contenido ilegal era discernible en las p\u00e1ginas vinculadas en el momento en que el <\/span><i><span style=\"font-weight: 400;\">enlace<\/span><\/i><span style=\"font-weight: 400;\"> fue creado El operador no tiene ninguna influencia sobre el dise\u00f1o actual y futuro, el contenido o la autor\u00eda de las p\u00e1ginas vinculadas\/conectadas.<\/span><\/p>\n<p><span style=\"font-weight: 400;\">El proveedor de la p\u00e1gina a la que se hace referencia es el \u00fanico responsable de los contenidos ilegales, incorrectos o incompletos y, en particular, de los da\u00f1os resultantes del uso o no uso de tales informaciones existentes en esa p\u00e1gina, y no el que solo se refiere a su publicaci\u00f3n a trav\u00e9s de<\/span><i><span style=\"font-weight: 400;\">links<\/span><\/i><span style=\"font-weight: 400;\">.<\/span><\/p>\n<p><span style=\"font-weight: 400;\">El operador del<\/span> <i><span style=\"font-weight: 400;\">sitio web<\/span><\/i><span style=\"font-weight: 400;\">, por lo tanto, se distancia expresamente de todos los contenidos existentes en todas las p\u00e1ginas vinculadas\/conectadas que fueron cambiadas despu\u00e9s de la creaci\u00f3n del<\/span> <i><span style=\"font-weight: 400;\">enlace<\/span><\/i><span style=\"font-weight: 400;\">. Esta declaraci\u00f3n se aplica a todos los <\/span><i><span style=\"font-weight: 400;\">enlaces<\/span><\/i> <span style=\"font-weight: 400;\">y referencias establecidos en nuestro propio sitio, as\u00ed como a las entradas de terceros en directorios de<\/span> <i><span style=\"font-weight: 400;\">enlaces<\/span><\/i><span style=\"font-weight: 400;\">,<\/span> <i><span style=\"font-weight: 400;\">blogs<\/span><\/i><span style=\"font-weight: 400;\">, listas de discusi\u00f3n y todas las dem\u00e1s formas de bases de datos creadas por el operador, a cuyo contenido puedan ser posibles accesos externos.<\/span><\/p>\n<p><span style=\"font-weight: 400;\">El operador<\/span> <i><span style=\"font-weight: 400;\">del sitio<\/span><\/i> <span style=\"font-weight: 400;\">se reserva el derecho de no publicar contribuciones del blog con contenidos ofensivos y\/o punibles, as\u00ed como con publicidad comercial en forma de texto,<\/span> <i><span style=\"font-weight: 400;\">enlace<\/span><\/i> <span style=\"font-weight: 400;\">o<\/span> <i><span style=\"font-weight: 400;\">banner<\/span><\/i><span style=\"font-weight: 400;\">, y con im\u00e1genes sin referencia a la fuente. El operador del <\/span><i><span style=\"font-weight: 400;\">blog<\/span><\/i> <span style=\"font-weight: 400;\">se reserva el derecho de excluir entradas y revocar temporal o completamente el derecho de uso para usuarios individuales.<\/span><\/p>\n<p><span style=\"font-weight: 400;\">El usuario del<\/span> <i><span style=\"font-weight: 400;\">blog<\/span><\/i><span style=\"font-weight: 400;\"> asume plena responsabilidad legal por el contenido publicado en los art\u00edculos en t\u00e9rminos de imagen, sonido y escritura. Una violaci\u00f3n de la ley puede llevar a la retirada de los derechos de uso del usuario. El operador del <\/span><i><span style=\"font-weight: 400;\">blog<\/span><\/i><span style=\"font-weight: 400;\"> se reserva el derecho de tomar las medidas legales necesarias en este contexto. <\/span><\/p>\n<p><b>Pol\u00edtica de Privacidad<\/b><\/p>\n<p><span style=\"font-weight: 400;\">Su privacidad es importante para nosotros. Es nuestra pol\u00edtica respetar su privacidad con respecto a cualquier informaci\u00f3n suya que podamos recopilar en este <\/span><i><span style=\"font-weight: 400;\">sitio<\/span><\/i><span style=\"font-weight: 400;\">, y en otros sitios que poseemos y operamos.<\/span><\/p>\n<p><span style=\"font-weight: 400;\">Solo solicitamos informaci\u00f3n personal cuando realmente la necesitamos para brindarle un servicio. Lo hacemos por medios justos y legales, con su conocimiento y consentimiento. Tambi\u00e9n informamos por qu\u00e9 las estamos recogiendo y c\u00f3mo ser\u00e1n utilizadas.<\/span><\/p>\n<p><span style=\"font-weight: 400;\">Solo conservamos la informaci\u00f3n recopilada durante el tiempo necesario para proporcionar el servicio solicitado. Cuando almacenamos datos, los protegemos dentro de medios comercialmente aceptables para evitar p\u00e9rdidas y robos, as\u00ed como acceso, divulgaci\u00f3n, copia, uso o modificaci\u00f3n no autorizados.<\/span><\/p>\n<p><span style=\"font-weight: 400;\">No compartimos informaci\u00f3n de identificaci\u00f3n personal de forma p\u00fablica o con terceros, excepto cuando lo exija la ley.<\/span><\/p>\n<p><span style=\"font-weight: 400;\">Nuestro<\/span> <i><span style=\"font-weight: 400;\">sitio web<\/span><\/i> <span style=\"font-weight: 400;\">puede tener<\/span> <i><span style=\"font-weight: 400;\">enlaces<\/span><\/i><span style=\"font-weight: 400;\"> a sitios web externos que no son operados por nosotros. Tenga en cuenta que no tenemos control sobre el contenido y las pr\u00e1cticas de estos <\/span><i><span style=\"font-weight: 400;\">sitios<\/span><\/i> <span style=\"font-weight: 400;\">web y no podemos aceptar responsabilidad por sus pol\u00edticas de privacidad.<\/span><\/p>\n<p><span style=\"font-weight: 400;\">Usted es libre de rechazar nuestra solicitud de informaci\u00f3n personal; por lo tanto, podr\u00eda ocurrir que no podamos proporcionar algunos de los servicios deseados.<\/span><\/p>\n<p><span style=\"font-weight: 400;\">El uso continuado de nuestro<\/span> <i><span style=\"font-weight: 400;\">sitio<\/span><\/i><span style=\"font-weight: 400;\"> web se considerar\u00e1 como aceptaci\u00f3n de nuestras pr\u00e1cticas en materia de privacidad e informaci\u00f3n personal. Si tiene alguna pregunta sobre c\u00f3mo tratamos sus datos e informaci\u00f3n personal, p\u00f3ngase en contacto con nosotros.<\/span><\/p>\n<ul>\n<li style=\"font-weight: 400;\" aria-level=\"1\"><span style=\"font-weight: 400;\">El servicio Google AdSense que podemos utilizar para ofrecer publicidad utiliza una<\/span> <i><span style=\"font-weight: 400;\">cookie<\/span><\/i> <span style=\"font-weight: 400;\">DoubleClick para ofrecer anuncios m\u00e1s relevantes en toda la Web y limitar el n\u00famero de veces que se muestra un anuncio en particular.<\/span> <\/li>\n<li style=\"font-weight: 400;\" aria-level=\"1\"><span style=\"font-weight: 400;\">Para obtener m\u00e1s informaci\u00f3n sobre Google AdSense, consulte las preguntas frecuentes oficiales sobre privacidad de Google AdSense. <\/span><\/li>\n<li style=\"font-weight: 400;\" aria-level=\"1\"><span style=\"font-weight: 400;\">Podemos utilizar anuncios para compensar los costos de funcionamiento de este<\/span> <i><span style=\"font-weight: 400;\">sitio<\/span><\/i><span style=\"font-weight: 400;\"> y obtener financiaci\u00f3n para futuros desarrollos. Las <\/span><i><span style=\"font-weight: 400;\">cookies<\/span><\/i> <span style=\"font-weight: 400;\">de publicidad comportamental utilizadas por este<\/span> <i><span style=\"font-weight: 400;\">sitio web<\/span><\/i> <span style=\"font-weight: 400;\">est\u00e1n dise\u00f1adas para garantizar que se le proporcionan los anuncios m\u00e1s relevantes siempre que sea posible, rastreando de forma an\u00f3nima sus intereses y presentando cosas similares que puedan interesarle.<\/span> <\/li>\n<li style=\"font-weight: 400;\" aria-level=\"1\"><span style=\"font-weight: 400;\">Varios asociados pueden anunciar en nuestro<\/span> <i><span style=\"font-weight: 400;\">sitio web<\/span><\/i><span style=\"font-weight: 400;\">, y las<\/span> <i><span style=\"font-weight: 400;\">cookies<\/span><\/i> <span style=\"font-weight: 400;\">de seguimiento de afiliados simplemente nos permitir\u00e1n ver si nuestros clientes han accedido al sitio a trav\u00e9s de uno de sus<\/span> <i><span style=\"font-weight: 400;\">sitios web<\/span><\/i><span style=\"font-weight: 400;\">, para que podamos acreditarlos adecuadamente y, cuando corresponda, permitir que nuestros socios afiliados puedan ofrecer promociones.<\/span> <\/li>\n<\/ul>\n<p><b>Compromiso del usuario<\/b><\/p>\n<p><span style=\"font-weight: 400;\">El usuario se compromete a hacer uso adecuado de los contenidos y de la informaci\u00f3n que este<\/span> <i><span style=\"font-weight: 400;\">sitio<\/span><\/i> <span style=\"font-weight: 400;\">ofrece, particularmente:<\/span><\/p>\n<p style=\"padding-left: 40px;\"><span style=\"font-weight: 400;\">A) No participar en actividades que sean ilegales o contrarias a la buena fe y al orden p\u00fablico en el<\/span> <i><span style=\"font-weight: 400;\">sitio<\/span><\/i><span style=\"font-weight: 400;\">;<\/span><\/p>\n<p style=\"padding-left: 40px;\"><span style=\"font-weight: 400;\">B) No difundir propaganda o contenido de naturaleza discriminatoria, racista, xen\u00f3foba, juegos de azar, cualquier tipo de pornograf\u00eda, de apolog\u00eda al terrorismo o contra los derechos humanos, y contenidos similares;<\/span><\/p>\n<p style=\"padding-left: 40px;\"><span style=\"font-weight: 400;\">C) No causar da\u00f1os a los sistemas f\u00edsicos <\/span><i><span style=\"font-weight: 400;\">(hardware)<\/span><\/i><span style=\"font-weight: 400;\"> y l\u00f3gicos <\/span><i><span style=\"font-weight: 400;\">(software)<\/span><\/i><span style=\"font-weight: 400;\"> de nuestro <\/span><i><span style=\"font-weight: 400;\">sitio web<\/span><\/i><span style=\"font-weight: 400;\">, de sus proveedores o de terceros, por introducir o diseminar virus inform\u00e1ticos o cualquier otro sistema <\/span><i><span style=\"font-weight: 400;\">hardware<\/span><\/i><span style=\"font-weight: 400;\"> o <\/span><i><span style=\"font-weight: 400;\">software<\/span><\/i><span style=\"font-weight: 400;\"> que puedan causar los da\u00f1os anteriormente mencionados.<\/span><\/p>\n<p><span style=\"font-weight: 400;\">Este texto fue creado y adaptado usando el Generador de Pol\u00edtica de Privacidad y T\u00e9rminos de Uso en la p\u00e1gina www.politicaprivacidade.com<\/span><\/p>\n<\/div><\/div><\/div><\/div><\/div>\n","protected":false},"excerpt":{"rendered":"","protected":false},"author":1,"featured_media":0,"parent":0,"menu_order":0,"comment_status":"closed","ping_status":"closed","template":"","meta":{"footnotes":""},"class_list":["post-2310","page","type-page","status-publish","hentry"],"_links":{"self":[{"href":"https:\/\/geoloquium.eu\/es\/wp-json\/wp\/v2\/pages\/2310","targetHints":{"allow":["GET"]}}],"collection":[{"href":"https:\/\/geoloquium.eu\/es\/wp-json\/wp\/v2\/pages"}],"about":[{"href":"https:\/\/geoloquium.eu\/es\/wp-json\/wp\/v2\/types\/page"}],"author":[{"embeddable":true,"href":"https:\/\/geoloquium.eu\/es\/wp-json\/wp\/v2\/users\/1"}],"replies":[{"embeddable":true,"href":"https:\/\/geoloquium.eu\/es\/wp-json\/wp\/v2\/comments?post=2310"}],"version-history":[{"count":3,"href":"https:\/\/geoloquium.eu\/es\/wp-json\/wp\/v2\/pages\/2310\/revisions"}],"predecessor-version":[{"id":2917,"href":"https:\/\/geoloquium.eu\/es\/wp-json\/wp\/v2\/pages\/2310\/revisions\/2917"}],"wp:attachment":[{"href":"https:\/\/geoloquium.eu\/es\/wp-json\/wp\/v2\/media?parent=2310"}],"curies":[{"name":"wp","href":"https:\/\/api.w.org\/{rel}","templated":true}]}}