{"id":1988,"date":"2022-01-27T11:54:55","date_gmt":"2022-01-27T11:54:55","guid":{"rendered":"http:\/\/geoloquium.eu\/tours\/"},"modified":"2024-02-13T18:22:49","modified_gmt":"2024-02-13T18:22:49","slug":"tours","status":"publish","type":"page","link":"https:\/\/geoloquium.eu\/en\/tours\/","title":{"rendered":"tours"},"content":{"rendered":"<p><div class=\"fusion-fullwidth fullwidth-box fusion-builder-row-1 fusion-flex-container nonhundred-percent-fullwidth non-hundred-percent-height-scrolling\" style=\"--awb-border-radius-top-left:0px;--awb-border-radius-top-right:0px;--awb-border-radius-bottom-right:0px;--awb-border-radius-bottom-left:0px;--awb-margin-top:120px;--awb-margin-bottom:120px;--awb-flex-wrap:wrap;\" ><div class=\"fusion-builder-row fusion-row fusion-flex-align-items-flex-start fusion-flex-content-wrap\" style=\"max-width:1216.8px;margin-left: calc(-4% \/ 2 );margin-right: calc(-4% \/ 2 );\"><div class=\"fusion-layout-column fusion_builder_column fusion-builder-column-0 fusion_builder_column_1_1 1_1 fusion-flex-column\" style=\"--awb-padding-top:5%;--awb-padding-right:5%;--awb-padding-bottom:5%;--awb-padding-left:5%;--awb-bg-size:cover;--awb-width-large:100%;--awb-margin-top-large:0px;--awb-spacing-right-large:1.92%;--awb-margin-bottom-large:20px;--awb-spacing-left-large:1.92%;--awb-width-medium:100%;--awb-order-medium:0;--awb-spacing-right-medium:1.92%;--awb-spacing-left-medium:1.92%;--awb-width-small:100%;--awb-order-small:0;--awb-spacing-right-small:1.92%;--awb-spacing-left-small:1.92%;\"><div class=\"fusion-column-wrapper fusion-column-has-shadow fusion-flex-justify-content-flex-start fusion-content-layout-column\"><div class=\"fusion-text fusion-text-1\"><h3 class=\"fusion-responsive-typography-calculated\" style=\"text-align: center; --fontsize: 24; line-height: 1.2; --minfontsize: 24;\" data-fontsize=\"24\" data-lineheight=\"28.8px\">Al\u00e9m dos passeios indicados, podemos efetuar atividades individualizadas, conforme as inten\u00e7\u00f5es do cliente. <a href=\"https:\/\/geoloquium.eu\/en\/contacts\/\">Contacte-nos.<\/a><\/h3>\n<h3 class=\"fusion-responsive-typography-calculated\" style=\"text-align: center; --fontsize: 24; line-height: 1.2; --minfontsize: 24;\" data-fontsize=\"24\" data-lineheight=\"28.8px\">Os percursos \u201cRocha da Pena (Salir)\u201d, \u201cFonte Ben\u00e9mola e Pirin\u00e9u (Queren\u00e7a)\u201d, &#8220;Planalto do Escarp\u00e3o&#8221; e &#8220;Mina de Sal Gema de Loul\u00e9&#8221; est\u00e3o<br \/>\ninseridos na \u00e1rea do aspirante <strong>Geoparque Algarvensis. <\/strong>O caminho geol\u00f3gico no geoss\u00edtio \u201c<a href=\"https:\/\/storymaps.arcgis.com\/stories\/b711579310b84aaf9e7383f6965f70f0\">Planalto do Escarp\u00e3o<\/a>\u201d foi elaborado por uma equipa constitu\u00edda por Delminda Moura, S\u00f3nia Oliveira e Lu\u00eds Pereira (coordenador).<br \/>\nAtualmente, podem ser reservados os seguintes percursos geol\u00f3gicos pedonais, no campo (\u201cPasseios empedrados\u201d), na cidade (\u201cPedra sobre Pedra\u201d) e nas minas (\u201cRiquezas do subsolo\u201d).<\/h3>\n<\/div><\/div><\/div><\/div><\/div><div class=\"fusion-fullwidth fullwidth-box fusion-builder-row-2 fusion-flex-container hundred-percent-fullwidth non-hundred-percent-height-scrolling\" style=\"--awb-border-radius-top-left:0px;--awb-border-radius-top-right:0px;--awb-border-radius-bottom-right:0px;--awb-border-radius-bottom-left:0px;--awb-padding-right:5%;--awb-padding-left:5%;--awb-margin-bottom:120px;--awb-flex-wrap:wrap;\" ><div class=\"fusion-builder-row fusion-row fusion-flex-align-items-flex-start fusion-flex-content-wrap\" style=\"width:104% !important;max-width:104% !important;margin-left: calc(-4% \/ 2 );margin-right: calc(-4% \/ 2 );\"><div class=\"fusion-layout-column fusion_builder_column fusion-builder-column-1 fusion_builder_column_1_3 1_3 fusion-flex-column fusion-flex-align-self-stretch fusion-column-inner-bg-wrapper\" style=\"--awb-padding-top:50px;--awb-padding-right:50px;--awb-padding-bottom:50px;--awb-padding-left:50px;--awb-inner-bg-image:linear-gradient(180deg, rgba(0,0,0,0) 0%,rgba(0,0,0,0.62) 30%);;--awb-inner-bg-size:cover;--awb-width-large:33.333333333333%;--awb-margin-top-large:0px;--awb-spacing-right-large:5.76%;--awb-margin-bottom-large:20px;--awb-spacing-left-large:5.76%;--awb-width-medium:100%;--awb-order-medium:0;--awb-spacing-right-medium:1.92%;--awb-spacing-left-medium:1.92%;--awb-width-small:100%;--awb-order-small:0;--awb-spacing-right-small:1.92%;--awb-spacing-left-small:1.92%;\"><span class=\"fusion-column-inner-bg hover-type-none\"><a class=\"fusion-column-anchor\" href=\"https:\/\/geoloquium.eu\/en\/steps-stones\/\" aria-label=\"Passeios Empredrados\"><span class=\"fusion-column-inner-bg-image lazyload\" data-bg=\"http:\/\/geoloquium.eu\/wp-content\/uploads\/2022\/06\/Foto15-1024x683.jpg\" data-bg-gradient=\"linear-gradient(180deg, rgba(0,0,0,0) 0%,rgba(0,0,0,0.62) 30%)\"><\/span><\/a><\/span><div class=\"fusion-column-wrapper fusion-column-has-shadow fusion-flex-justify-content-space-around fusion-content-layout-column fusion-column-has-bg-image\" data-bg-url=\"http:\/\/geoloquium.eu\/wp-content\/uploads\/2022\/06\/Foto15-1024x683.jpg\"><div class=\"fusion-separator fusion-full-width-sep\" style=\"align-self: center;margin-left: auto;margin-right: auto;margin-top:100px;margin-bottom:100px;width:100%;\"><\/div><div class=\"fusion-text fusion-text-2\" style=\"--awb-text-color:var(--awb-color1);\"><h6 class=\"fusion-responsive-typography-calculated\" style=\"--fontsize: 11; line-height: 1.2; --minfontsize: 11;\" data-fontsize=\"11\" data-lineheight=\"13.2px\"><span style=\"color: #ffffff; font-size: 18px;\" data-fusion-font=\"true\">Countryside<\/span><\/h6>\n<h4 class=\"fusion-responsive-typography-calculated\" style=\"--fontsize: 18; line-height: 1.2; --minfontsize: 18;\" data-fontsize=\"18\" data-lineheight=\"21.6px\"><a href=\"https:\/\/geoloquium.eu\/en\/steps-stones\/\"><span style=\"color: #ffffff;\">\u201cSteps &amp; stones\u201d &gt;&gt;&gt; <\/span><\/a><\/h4>\n<\/div><\/div><\/div><div class=\"fusion-layout-column fusion_builder_column fusion-builder-column-2 fusion_builder_column_1_3 1_3 fusion-flex-column fusion-flex-align-self-stretch fusion-column-inner-bg-wrapper\" style=\"--awb-padding-top:50px;--awb-padding-right:50px;--awb-padding-bottom:50px;--awb-padding-left:50px;--awb-inner-bg-image:linear-gradient(180deg, rgba(0,0,0,0) 0%,rgba(0,0,0,0.62) 30%);;--awb-inner-bg-size:cover;--awb-width-large:33.333333333333%;--awb-margin-top-large:0px;--awb-spacing-right-large:5.76%;--awb-margin-bottom-large:20px;--awb-spacing-left-large:5.76%;--awb-width-medium:100%;--awb-order-medium:0;--awb-spacing-right-medium:1.92%;--awb-spacing-left-medium:1.92%;--awb-width-small:100%;--awb-order-small:0;--awb-spacing-right-small:1.92%;--awb-spacing-left-small:1.92%;\"><span class=\"fusion-column-inner-bg hover-type-none\"><a class=\"fusion-column-anchor\" href=\"https:\/\/geoloquium.eu\/en\/stones-streets\/\"><span class=\"fusion-column-inner-bg-image lazyload\" data-bg=\"http:\/\/geoloquium.eu\/wp-content\/uploads\/2022\/06\/Foto71-1024x768.jpg\" data-bg-gradient=\"linear-gradient(180deg, rgba(0,0,0,0) 0%,rgba(0,0,0,0.62) 30%)\"><\/span><\/a><\/span><div class=\"fusion-column-wrapper fusion-column-has-shadow fusion-flex-justify-content-space-around fusion-content-layout-column fusion-column-has-bg-image\" data-bg-url=\"http:\/\/geoloquium.eu\/wp-content\/uploads\/2022\/06\/Foto71-1024x768.jpg\"><div class=\"fusion-separator fusion-full-width-sep\" style=\"align-self: center;margin-left: auto;margin-right: auto;margin-top:100px;margin-bottom:100px;width:100%;\"><\/div><div class=\"fusion-text fusion-text-3\" style=\"--awb-text-color:var(--awb-color1);\"><h6 class=\"\" style=\"--fontsize: 11; line-height: 1.2; --minfontsize: 11;\" data-fontsize=\"11\" data-lineheight=\"13.2px\"><span style=\"color: #ffffff; font-size: 18px;\" data-fusion-font=\"true\">City<\/span><\/h6>\n<h4 class=\"\" style=\"--fontsize: 18; line-height: 1.2; --minfontsize: 18;\" data-fontsize=\"18\" data-lineheight=\"21.6px\"><a href=\"https:\/\/geoloquium.eu\/en\/stones-streets\/\"><span style=\"color: #ffffff;\">\u201cStories, stones &amp; streets\u201d &gt;&gt;&gt; <\/span><\/a><\/h4>\n<\/div><\/div><\/div><div class=\"fusion-layout-column fusion_builder_column fusion-builder-column-3 fusion_builder_column_1_3 1_3 fusion-flex-column fusion-flex-align-self-stretch fusion-column-inner-bg-wrapper\" style=\"--awb-padding-top:50px;--awb-padding-right:50px;--awb-padding-bottom:50px;--awb-padding-left:50px;--awb-inner-bg-image:linear-gradient(180deg, rgba(0,0,0,0) 0%,rgba(0,0,0,0.62) 30%);;--awb-inner-bg-size:cover;--awb-width-large:33.333333333333%;--awb-margin-top-large:0px;--awb-spacing-right-large:5.76%;--awb-margin-bottom-large:20px;--awb-spacing-left-large:5.76%;--awb-width-medium:100%;--awb-order-medium:0;--awb-spacing-right-medium:1.92%;--awb-spacing-left-medium:1.92%;--awb-width-small:100%;--awb-order-small:0;--awb-spacing-right-small:1.92%;--awb-spacing-left-small:1.92%;\" data-scroll-devices=\"small-visibility,medium-visibility,large-visibility\"><span class=\"fusion-column-inner-bg hover-type-none\"><a class=\"fusion-column-anchor\" href=\"https:\/\/geoloquium.eu\/en\/minas\/\" aria-label=\"Minas\"><span class=\"fusion-column-inner-bg-image lazyload\" data-bg=\"http:\/\/geoloquium.eu\/wp-content\/uploads\/2023\/12\/Homepage-3-600x400.jpg\" data-bg-gradient=\"linear-gradient(180deg, rgba(0,0,0,0) 0%,rgba(0,0,0,0.62) 30%)\"><\/span><\/a><\/span><div class=\"fusion-column-wrapper fusion-column-has-shadow fusion-flex-justify-content-space-around fusion-content-layout-column fusion-column-has-bg-image\" data-bg-url=\"http:\/\/geoloquium.eu\/wp-content\/uploads\/2023\/12\/Homepage-3-600x400.jpg\"><div class=\"fusion-separator fusion-full-width-sep\" style=\"align-self: center;margin-left: auto;margin-right: auto;margin-top:100px;margin-bottom:100px;width:100%;\"><\/div><div class=\"fusion-text fusion-text-4\" style=\"--awb-text-color:var(--awb-color1);\"><h6 class=\"fusion-responsive-typography-calculated\" style=\"--fontsize: 11; line-height: 1.2; --minfontsize: 11;\" data-fontsize=\"11\" data-lineheight=\"13.2px\"><span style=\"color: #ffffff; font-size: 18px;\" data-fusion-font=\"true\">Mines<\/span><\/h6>\n<h4 class=\"fusion-responsive-typography-calculated\" style=\"--fontsize: 18; line-height: 1.2; --minfontsize: 18;\" data-fontsize=\"18\" data-lineheight=\"21.6px\"><span style=\"color: #ffffff;\">Richness of the subsoil &gt;&gt;&gt; &gt;&gt;&gt; <\/span><\/h4>\n<\/div><\/div><\/div><\/div><\/div><div class=\"fusion-fullwidth fullwidth-box fusion-builder-row-3 fusion-flex-container hundred-percent-fullwidth non-hundred-percent-height-scrolling\" style=\"--link_hover_color: var(--awb-color4);--link_color: var(--awb-color1);--awb-border-radius-top-left:0px;--awb-border-radius-top-right:0px;--awb-border-radius-bottom-right:0px;--awb-border-radius-bottom-left:0px;--awb-padding-right:5%;--awb-padding-left:5%;--awb-margin-bottom:50px;--awb-flex-wrap:wrap;\" ><div class=\"fusion-builder-row fusion-row fusion-flex-align-items-flex-start fusion-flex-content-wrap\" style=\"width:104% !important;max-width:104% !important;margin-left: calc(-4% \/ 2 );margin-right: calc(-4% \/ 2 );\"><div class=\"fusion-layout-column fusion_builder_column fusion-builder-column-4 fusion_builder_column_1_1 1_1 fusion-flex-column\" style=\"--awb-bg-size:cover;--awb-width-large:100%;--awb-margin-top-large:0px;--awb-spacing-right-large:1.92%;--awb-margin-bottom-large:20px;--awb-spacing-left-large:1.92%;--awb-width-medium:100%;--awb-order-medium:0;--awb-spacing-right-medium:1.92%;--awb-spacing-left-medium:1.92%;--awb-width-small:100%;--awb-order-small:0;--awb-spacing-right-small:1.92%;--awb-spacing-left-small:1.92%;\"><div class=\"fusion-column-wrapper fusion-column-has-shadow fusion-flex-justify-content-flex-start fusion-content-layout-column\"><div class=\"fusion-image-element \" style=\"text-align:center;--awb-caption-title-font-family:var(--h2_typography-font-family);--awb-caption-title-font-weight:var(--h2_typography-font-weight);--awb-caption-title-font-style:var(--h2_typography-font-style);--awb-caption-title-size:var(--h2_typography-font-size);--awb-caption-title-transform:var(--h2_typography-text-transform);--awb-caption-title-line-height:var(--h2_typography-line-height);--awb-caption-title-letter-spacing:var(--h2_typography-letter-spacing);\"><span class=\" fusion-imageframe imageframe-none imageframe-1 hover-type-none\"><img decoding=\"async\" width=\"2256\" height=\"979\" alt=\"Mapa Geoloquium\n\" title=\"Mapa-Principal@2x\" src=\"https:\/\/geoloquium.eu\/wp-content\/uploads\/2024\/02\/Mapa-Principal@2x.png\" data-orig-src=\"http:\/\/geoloquium.eu\/wp-content\/uploads\/2024\/02\/Mapa-Principal@2x.png\" class=\"lazyload img-responsive wp-image-3382\" srcset=\"data:image\/svg+xml,%3Csvg%20xmlns%3D%27http%3A%2F%2Fwww.w3.org%2F2000%2Fsvg%27%20width%3D%272256%27%20height%3D%27979%27%20viewBox%3D%270%200%202256%20979%27%3E%3Crect%20width%3D%272256%27%20height%3D%27979%27%20fill-opacity%3D%220%22%2F%3E%3C%2Fsvg%3E\" data-srcset=\"https:\/\/geoloquium.eu\/wp-content\/uploads\/2024\/02\/Mapa-Principal@2x-200x87.png 200w, https:\/\/geoloquium.eu\/wp-content\/uploads\/2024\/02\/Mapa-Principal@2x-400x174.png 400w, https:\/\/geoloquium.eu\/wp-content\/uploads\/2024\/02\/Mapa-Principal@2x-600x260.png 600w, https:\/\/geoloquium.eu\/wp-content\/uploads\/2024\/02\/Mapa-Principal@2x-800x347.png 800w, https:\/\/geoloquium.eu\/wp-content\/uploads\/2024\/02\/Mapa-Principal@2x-1200x521.png 1200w, https:\/\/geoloquium.eu\/wp-content\/uploads\/2024\/02\/Mapa-Principal@2x.png 2256w\" data-sizes=\"auto\" data-orig-sizes=\"(max-width: 1024px) 100vw, (max-width: 640px) 100vw, 1200px\" \/><\/span><\/div><\/div><\/div><\/div><\/div><div class=\"fusion-fullwidth fullwidth-box fusion-builder-row-4 fusion-flex-container hundred-percent-fullwidth non-hundred-percent-height-scrolling\" style=\"--awb-border-radius-top-left:0px;--awb-border-radius-top-right:0px;--awb-border-radius-bottom-right:0px;--awb-border-radius-bottom-left:0px;--awb-padding-right:5%;--awb-padding-left:5%;--awb-margin-bottom:50px;--awb-flex-wrap:wrap;\" ><div class=\"fusion-builder-row fusion-row fusion-flex-align-items-flex-start fusion-flex-content-wrap\" style=\"width:104% !important;max-width:104% !important;margin-left: calc(-4% \/ 2 );margin-right: calc(-4% \/ 2 );\"><div class=\"fusion-layout-column fusion_builder_column fusion-builder-column-5 fusion_builder_column_1_1 1_1 fusion-flex-column fusion-flex-align-self-center\" style=\"--awb-bg-color:var(--awb-color4);--awb-bg-color-hover:var(--awb-color4);--awb-bg-size:cover;--awb-width-large:100%;--awb-margin-top-large:0px;--awb-spacing-right-large:1.92%;--awb-margin-bottom-large:20px;--awb-spacing-left-large:1.92%;--awb-width-medium:100%;--awb-order-medium:0;--awb-spacing-right-medium:1.92%;--awb-spacing-left-medium:1.92%;--awb-width-small:100%;--awb-order-small:0;--awb-spacing-right-small:1.92%;--awb-spacing-left-small:1.92%;\"><div class=\"fusion-column-wrapper fusion-column-has-shadow fusion-flex-justify-content-space-evenly fusion-content-layout-row\"><div class=\"fusion-text fusion-text-5 fusion-text-no-margin\" style=\"--awb-text-color:var(--awb-color1);--awb-margin-top:30px;--awb-margin-bottom:30px;\"><h2 style=\"text-align: center;\"><span style=\"color: #ffffff;\">Other offers are in preparation.<\/span><\/h2>\n<\/div><\/div><\/div><\/div><\/div><div id=\"reserva\" class=\"fusion-container-anchor\"><div class=\"fusion-fullwidth fullwidth-box fusion-builder-row-5 fusion-flex-container has-pattern-background has-mask-background nonhundred-percent-fullwidth non-hundred-percent-height-scrolling\" style=\"--awb-background-position:left top;--awb-background-blend-mode:multiply;--awb-border-radius-top-left:0px;--awb-border-radius-top-right:0px;--awb-border-radius-bottom-right:0px;--awb-border-radius-bottom-left:0px;--awb-padding-top:25px;--awb-padding-right:10%;--awb-padding-bottom:25px;--awb-padding-left:25px;--awb-margin-bottom:25px;--awb-background-color:var(--awb-color5);--awb-flex-wrap:wrap;\" ><div class=\"fusion-builder-row fusion-row fusion-flex-align-items-flex-start fusion-flex-align-content-flex-start fusion-flex-content-wrap\" style=\"max-width:1216.8px;margin-left: calc(-4% \/ 2 );margin-right: calc(-4% \/ 2 );\"><div class=\"fusion-layout-column fusion_builder_column fusion-builder-column-6 fusion_builder_column_1_5 1_5 fusion-flex-column fusion-flex-align-self-flex-start\" style=\"--awb-bg-size:cover;--awb-width-large:20%;--awb-margin-top-large:0px;--awb-spacing-right-large:9.6%;--awb-margin-bottom-large:20px;--awb-spacing-left-large:9.6%;--awb-width-medium:100%;--awb-order-medium:0;--awb-spacing-right-medium:1.92%;--awb-spacing-left-medium:1.92%;--awb-width-small:100%;--awb-order-small:0;--awb-spacing-right-small:1.92%;--awb-spacing-left-small:1.92%;\"><div class=\"fusion-column-wrapper fusion-column-has-shadow fusion-flex-justify-content-flex-start fusion-content-layout-column\"><div class=\"fusion-text fusion-text-6\" style=\"--awb-text-color:var(--awb-color1);\"><h3 style=\"color: #ffffff;\"><\/h3>\n<\/div><\/div><\/div><div class=\"fusion-layout-column fusion_builder_column fusion-builder-column-7 fusion_builder_column_2_3 2_3 fusion-flex-column fusion-flex-align-self-flex-start\" style=\"--awb-bg-size:cover;--awb-width-large:66.666666666667%;--awb-margin-top-large:0px;--awb-spacing-right-large:2.88%;--awb-margin-bottom-large:20px;--awb-spacing-left-large:2.88%;--awb-width-medium:100%;--awb-order-medium:0;--awb-spacing-right-medium:1.92%;--awb-spacing-left-medium:1.92%;--awb-width-small:100%;--awb-order-small:0;--awb-spacing-right-small:1.92%;--awb-spacing-left-small:1.92%;\"><div class=\"fusion-column-wrapper fusion-column-has-shadow fusion-flex-justify-content-flex-start fusion-content-layout-column\"><div class=\"fusion-text fusion-text-7\" style=\"--awb-font-size:20px;\"><h3 class=\"\" style=\"--fontsize: 24; line-height: 1.2; --minfontsize: 24;\" data-fontsize=\"24\" data-lineheight=\"28.8px\"><span style=\"color: #ffffff;\">Condi\u00e7\u00f5es de Reserva e Pagamento <\/span><\/h3>\n<h4 class=\"\" style=\"--fontsize: 18; --minfontsize: 18; line-height: 0;\" data-fontsize=\"18\"><span style=\"color: #ffffff;\" data-fusion-font=\"true\">(O que costuma estar em letras mi\u00fadas)<\/span><\/h4>\n<ul>\n<li><span style=\"color: #ffffff;\">No caso de a reserva de um passeio for efetuada num per\u00edodo superior a 48 horas antes do seu in\u00edcio: Num e-mail dirigido a <b>info@geoloquium.eu<\/b> indique o passeio desejado, data e hora preferidas, bem como o n\u00famero de participantes e as suas idades. Os dados pessoais, como nome, morada e NIF tamb\u00e9m dever\u00e3o ser enviado para a emiss\u00e3o de um recibo.<\/span><\/li>\n<li><span style=\"color: #ffffff;\">Na nossa resposta comunicamos a nossa disponibilidade, o valor total e o nosso IBAN, e confirmamos a marca\u00e7\u00e3o da data e da hora.<\/span><\/li>\n<li><span style=\"color: #ffffff;\">Transfira o valor total ou, alternativamente, metade como sinal. O montante restante \u00e9 pago em dinheiro, no dia da visita.<\/span><\/li>\n<li><span style=\"color: #ffffff;\">Envie-nos o comprovativo da transfer\u00eancia. A reserva s\u00f3 \u00e9 v\u00e1lida ap\u00f3s o pagamento de pelo menos metade do valor total.<\/span><\/li>\n<li><span style=\"color: #ffffff;\">Confirmamos a rece\u00e7\u00e3o do pagamento, assim como novamente a data e hora e fornecemos informa\u00e7\u00f5es detalhadas sobre o ponto de encontro.<\/span><\/li>\n<li><span style=\"color: #ffffff;\">No caso de o cliente cancelar at\u00e9 48 horas antes, o reembolso \u00e9 de 100%; para cancelamento ap\u00f3s esse per\u00edodo, e at\u00e9 12 horas antes, o reembolso ser\u00e1 de 50%. Se o cliente n\u00e3o aparecer para a visita no ponto de encontro combinado e n\u00e3o tiver cancelado previamente, n\u00e3o haver\u00e1 reembolso. No caso de n\u00f3s cancelarmos, o reembolso <\/span><span style=\"color: #ffffff;\">ser\u00e1 de 100%.<\/span><\/li>\n<li><span style=\"color: #ffffff;\">Para reservas com um per\u00edodo inferior a 48 horas, o pagamento ser\u00e1 feito no local e em dinheiro. Contacte-nos sempre telefonicamente ou via e-mail. Agradecemos que nos informe em caso de cancelamento.<\/span><\/li>\n<li><span style=\"color: #ffffff;\">Os pre\u00e7os indicados n\u00e3o incluem transporte. A desloca\u00e7\u00e3o at\u00e9 ao ponto de encontro e da responsabilidade do cliente.<br \/>\n<\/span><\/li>\n<li><span style=\"color: #ffffff;\">N\u00e3o tem transporte? Contacte-nos. N\u00f3s podemos ajudar a encontrar uma solu\u00e7\u00e3o.<br \/>\n<\/span><\/li>\n<\/ul>\n<\/div><\/div><\/div><\/div><\/div><\/div><\/p>\n","protected":false},"excerpt":{"rendered":"","protected":false},"author":1,"featured_media":1970,"parent":0,"menu_order":0,"comment_status":"closed","ping_status":"closed","template":"100-width.php","meta":{"footnotes":""},"class_list":["post-1988","page","type-page","status-publish","has-post-thumbnail","hentry"],"_links":{"self":[{"href":"https:\/\/geoloquium.eu\/en\/wp-json\/wp\/v2\/pages\/1988","targetHints":{"allow":["GET"]}}],"collection":[{"href":"https:\/\/geoloquium.eu\/en\/wp-json\/wp\/v2\/pages"}],"about":[{"href":"https:\/\/geoloquium.eu\/en\/wp-json\/wp\/v2\/types\/page"}],"author":[{"embeddable":true,"href":"https:\/\/geoloquium.eu\/en\/wp-json\/wp\/v2\/users\/1"}],"replies":[{"embeddable":true,"href":"https:\/\/geoloquium.eu\/en\/wp-json\/wp\/v2\/comments?post=1988"}],"version-history":[{"count":44,"href":"https:\/\/geoloquium.eu\/en\/wp-json\/wp\/v2\/pages\/1988\/revisions"}],"predecessor-version":[{"id":3473,"href":"https:\/\/geoloquium.eu\/en\/wp-json\/wp\/v2\/pages\/1988\/revisions\/3473"}],"wp:featuredmedia":[{"embeddable":true,"href":"https:\/\/geoloquium.eu\/en\/wp-json\/wp\/v2\/media\/1970"}],"wp:attachment":[{"href":"https:\/\/geoloquium.eu\/en\/wp-json\/wp\/v2\/media?parent=1988"}],"curies":[{"name":"wp","href":"https:\/\/api.w.org\/{rel}","templated":true}]}}