{"id":2302,"date":"2022-06-29T18:12:41","date_gmt":"2022-06-29T18:12:41","guid":{"rendered":"http:\/\/geoloquium.eu\/technisches-datenblatt-und-rechtliche-hinweise\/"},"modified":"2023-02-22T16:52:32","modified_gmt":"2023-02-22T16:52:32","slug":"technisches-datenblatt-und-rechtliche-hinweise","status":"publish","type":"page","link":"https:\/\/geoloquium.eu\/de\/technisches-datenblatt-und-rechtliche-hinweise\/","title":{"rendered":"Technisches Datenblatt und rechtliche Hinweise"},"content":{"rendered":"<div class=\"fusion-fullwidth fullwidth-box fusion-builder-row-1 fusion-flex-container nonhundred-percent-fullwidth non-hundred-percent-height-scrolling\" style=\"--awb-border-radius-top-left:0px;--awb-border-radius-top-right:0px;--awb-border-radius-bottom-right:0px;--awb-border-radius-bottom-left:0px;--awb-flex-wrap:wrap;\" ><div class=\"fusion-builder-row fusion-row fusion-flex-align-items-flex-start fusion-flex-content-wrap\" style=\"max-width:1216.8px;margin-left: calc(-4% \/ 2 );margin-right: calc(-4% \/ 2 );\"><div class=\"fusion-layout-column fusion_builder_column fusion-builder-column-0 fusion_builder_column_1_1 1_1 fusion-flex-column\" style=\"--awb-bg-blend:overlay;--awb-bg-size:cover;--awb-width-large:100%;--awb-margin-top-large:0px;--awb-spacing-right-large:1.92%;--awb-margin-bottom-large:0px;--awb-spacing-left-large:1.92%;--awb-width-medium:100%;--awb-spacing-right-medium:1.92%;--awb-spacing-left-medium:1.92%;--awb-width-small:100%;--awb-spacing-right-small:1.92%;--awb-spacing-left-small:1.92%;\"><div class=\"fusion-column-wrapper fusion-flex-justify-content-flex-start fusion-content-layout-column\"><div class=\"fusion-text fusion-text-1\"><p><b>Betreiber der<\/b> <b><i>Seite<\/i><\/b><\/p>\n<p><span style=\"font-weight: 400;\">Stefan Rosendahl (Einzelunternehmer)<\/span><\/p>\n<p><span style=\"font-weight: 400;\">Travessa Henrique Bernardo Ramos, 11<br \/>\n<\/span><span style=\"color: var(--awb-text-color); font-family: var(--awb-text-font-family); font-size: var(--awb-font-size); font-style: var(--awb-text-font-style); letter-spacing: var(--awb-letter-spacing); text-align: var(--awb-content-alignment); text-transform: var(--awb-text-transform); background-color: var(--awb-bg-color);\">8000-183 Faro<br \/>\n<\/span><span style=\"color: var(--awb-text-color); font-family: var(--awb-text-font-family); font-size: var(--awb-font-size); font-style: var(--awb-text-font-style); letter-spacing: var(--awb-letter-spacing); text-align: var(--awb-content-alignment); text-transform: var(--awb-text-transform); background-color: var(--awb-bg-color);\">Portugal<\/span><\/p>\n<p><b>Kontakt<br \/>\n<\/b><span style=\"color: var(--awb-text-color); font-family: var(--awb-text-font-family); font-size: var(--awb-font-size); font-style: var(--awb-text-font-style); letter-spacing: var(--awb-letter-spacing); text-align: var(--awb-content-alignment); text-transform: var(--awb-text-transform); background-color: var(--awb-bg-color);\">Telefon: +351 967 811 384<br \/>\n<\/span><span style=\"color: var(--awb-text-color); font-family: var(--awb-text-font-family); font-size: var(--awb-font-size); font-style: var(--awb-text-font-style); font-weight: var(--awb-text-font-weight); letter-spacing: var(--awb-letter-spacing); text-align: var(--awb-content-alignment); text-transform: var(--awb-text-transform); background-color: var(--awb-bg-color);\">e-mail:<\/span> <a style=\"font-family: var(--awb-text-font-family); font-size: var(--awb-font-size); font-style: var(--awb-text-font-style); font-weight: var(--awb-text-font-weight); letter-spacing: var(--awb-letter-spacing); text-align: var(--awb-content-alignment); text-transform: var(--awb-text-transform); background-color: var(--awb-bg-color);\" href=\"mailto:info@geoloquium.eu\">info@geoloquium.eu<\/a><\/p>\n<p><b>Steuernummer<br \/>\n<\/b><span style=\"color: var(--awb-text-color); font-family: var(--awb-text-font-family); font-size: var(--awb-font-size); font-style: var(--awb-text-font-style); letter-spacing: var(--awb-letter-spacing); text-align: var(--awb-content-alignment); text-transform: var(--awb-text-transform); background-color: var(--awb-bg-color);\">189 223 634<\/span><\/p>\n<p><b>Abbildungen<br \/>\n<\/b><\/p>\n<p><span style=\"color: var(--awb-text-color); font-family: var(--awb-text-font-family); font-size: var(--awb-font-size); font-style: var(--awb-text-font-style); letter-spacing: var(--awb-letter-spacing); text-align: var(--awb-content-alignment); text-transform: var(--awb-text-transform); background-color: var(--awb-bg-color);\">\u00a9Stefan Rosendahl, Marta Mar\u00e7al Gon\u00e7alves, sofern nicht anders gekennzeichnet. <br \/>\n<\/span><span style=\"background-color: var(--awb-bg-color); color: var(--awb-text-color); font-family: var(--awb-text-font-family); font-size: var(--awb-font-size); font-style: var(--awb-text-font-style); letter-spacing: var(--awb-letter-spacing); text-align: var(--awb-content-alignment); text-transform: var(--awb-text-transform); font-weight: var(--awb-text-font-weight);\">Nichtkomerzielle Anwendung nach Anfrage gestattet.<\/span><\/p>\n<p><b> <\/b><\/p>\n<p><b> <\/b><\/p>\n<p><b>Haftungsausschluss<\/b><\/p>\n<p><span style=\"font-weight: 400;\">Der Betreiber der<\/span> <i><span style=\"font-weight: 400;\">Seite<\/span><\/i><span style=\"font-weight: 400;\"> \u00fcbernimmt keine Gew\u00e4hr f\u00fcr die Aktualit\u00e4t, Richtigkeit, Vollst\u00e4ndigkeit oder Qualit\u00e4t der auf diesen Seiten bereitgestellten Informationen. Haftungsanspr\u00fcche gegen den Betreiber im Zusammenhang mit materiellen oder immateriellen Sch\u00e4den, die durch die Nutzung oder Nichtnutzung der bereitgestellten Informationen oder die Verwendung falscher und unvollst\u00e4ndiger Informationen verursacht werden, sind stets ausgeschlossen, sofern keine Anhaltspunkte f\u00fcr ein vors\u00e4tzliches oder fahrl\u00e4ssiges Verhalten des Betreibers vorliegen.<\/span><\/p>\n<p><span style=\"font-weight: 400;\">Der Webseitenbetreiber<\/span> <i><span style=\"font-weight: 400;\">beh\u00e4lt<\/span><\/i> <span style=\"font-weight: 400;\">es sich ausdr\u00fccklich vor, Teile der Seiten oder das gesamte Angebot ohne gesonderte Ank\u00fcndigung zu ver\u00e4ndern, zu erg\u00e4nzen, zu l\u00f6schen oder die Ver\u00f6ffentlichung zeitweise oder endg\u00fcltig einzustellen.<\/span><\/p>\n<p><span style=\"font-weight: 400;\">Bei direkten oder indirekten Verweisen auf Websites Dritter<\/span> (<i><span style=\"font-weight: 400;\">&#8222;Hyperlinks&#8220;)<\/span><\/i>, <span style=\"font-weight: 400;\">die au\u00dferhalb des Verantwortungsbereichs des Websitebetreibers liegen, tritt eine Haftung nur dann<\/span> <i><span style=\"font-weight: 400;\">in Kraft<\/span><\/i><span style=\"font-weight: 400;\">, wenn der Betreiber die Inhalte kennt und es technisch m\u00f6glich und zumutbar ist, die Nutzung rechtswidriger Inhalte zu vermeiden. Der Betreiber erkl\u00e4rt ausdr\u00fccklich, dass zum Zeitpunkt der Linksetzung keine illegalen Inhalte auf den <\/span><i><span style=\"font-weight: 400;\">verlinkten Seiten<\/span><\/i><span style=\"font-weight: 400;\"> erkennbar waren. Der Betreiber hat keinen Einfluss auf die aktuelle und zuk\u00fcnftige Gestaltung, Inhalte oder Urheberschaft der verlinkten\/verkn\u00fcpften Seiten.<\/span><\/p>\n<p><span style=\"font-weight: 400;\">F\u00fcr illegale, fehlerhafte oder unvollst\u00e4ndige Inhalte und insbesondere f\u00fcr Sch\u00e4den, die aus der Nutzung oder Nichtnutzung solcher Informationen auf der verlinkten Seite entstehen, haftet allein der Anbieter der Seite, auf die verwiesen wird, nicht derjenige, der lediglich \u00fcber<\/span> <i><span style=\"font-weight: 400;\">Links auf die Ver\u00f6ffentlichung verweist<\/span><\/i><span style=\"font-weight: 400;\">.<\/span><\/p>\n<p><span style=\"font-weight: 400;\">Der Websitebetreiber<\/span> <i><span style=\"font-weight: 400;\">distanziert sich<\/span><\/i> <span style=\"font-weight: 400;\">daher ausdr\u00fccklich von allen bestehenden Inhalten auf allen verlinkten\/verkn\u00fcpften Seiten, die sich nach der<\/span> <i><span style=\"font-weight: 400;\">Linksetzung ge\u00e4ndert haben<\/span><\/i><span style=\"font-weight: 400;\">. Diese Erkl\u00e4rung gilt f\u00fcr alle auf unserer eigenen Website gesetzten <\/span><i><span style=\"font-weight: 400;\">Links<\/span><\/i> <span style=\"font-weight: 400;\">und Verweise sowie f\u00fcr Fremdeintr\u00e4ge in<\/span> <i><span style=\"font-weight: 400;\">Linkverzeichnissen<\/span><\/i><span style=\"font-weight: 400;\">,<\/span> <i><span style=\"font-weight: 400;\">Blogs,<\/span><\/i> <span style=\"font-weight: 400;\">Mailinglisten und allen anderen Formen von Datenbanken, die vom Betreiber erstellt wurden und deren Inhalte ggf. extern zug\u00e4nglich sind.<\/span><\/p>\n<p><span style=\"font-weight: 400;\">Der Websitebetreiber<\/span> <i><span style=\"font-weight: 400;\">beh\u00e4lt sich<\/span><\/i> <span style=\"font-weight: 400;\">das Recht vor, keine Blogbeitr\u00e4ge mit anst\u00f6\u00dfigen und\/oder strafbaren Inhalten sowie kommerzieller Werbung in Form von Text,<\/span> <i><span style=\"font-weight: 400;\">Link<\/span><\/i> <span style=\"font-weight: 400;\">oder<\/span> <i><span style=\"font-weight: 400;\">Banner <\/span><\/i><span style=\"font-weight: 400;\">und mit Bildern ohne Quellenangabe zu ver\u00f6ffentlichen. Der Blogbetreiber beh\u00e4lt <\/span><i><span style=\"font-weight: 400;\">sich<\/span><\/i> <span style=\"font-weight: 400;\">das Recht vor, Eintr\u00e4ge auszuschlie\u00dfen und das Nutzungsrecht f\u00fcr einzelne Nutzer vor\u00fcbergehend oder vollst\u00e4ndig zu widerrufen.<\/span><\/p>\n<p><span style=\"font-weight: 400;\">Der<\/span> <i><span style=\"font-weight: 400;\">Blognutzer<\/span><\/i><span style=\"font-weight: 400;\"> \u00fcbernimmt die volle rechtliche Verantwortung f\u00fcr die von ihm in den Artikeln ver\u00f6ffentlichten Inhalte in Bezug auf Bild, Ton und Schrift. Eine Rechtsverletzung kann zum Entzug der Nutzungsrechte des Nutzers f\u00fchren. Der Blogbetreiber beh\u00e4lt <\/span><i><span style=\"font-weight: 400;\">sich<\/span><\/i> <span style=\"font-weight: 400;\">in diesem Zusammenhang die rechtlich notwendigen Ma\u00dfnahmen vor.<\/span><\/p>\n<p><b>Datenschutzerkl\u00e4rung<\/b><\/p>\n<p><span style=\"font-weight: 400;\">Ihre Privatsph\u00e4re ist uns wichtig. Es ist unsere Richtlinie, Ihre Privatsph\u00e4re in Bezug auf alle Informationen zu respektieren, die wir von Ihnen auf dieser <\/span><i><span style=\"font-weight: 400;\">Website<\/span><\/i> <span style=\"font-weight: 400;\">und auf anderen Websites, die wir besitzen und betreiben, erfassen.<\/span><\/p>\n<p><span style=\"font-weight: 400;\">Wir fragen nur dann nach pers\u00f6nlichen Informationen, wenn wir sie wirklich ben\u00f6tigen, um Ihnen einen Service zu bieten. Wir tun dies mit fairen und erlaubten Mitteln, mit Ihrem Wissen und Ihrer Zustimmung. Wir informieren Sie auch dar\u00fcber, warum wir sie sammeln und wie sie verwendet werden.<\/span><\/p>\n<p><span style=\"font-weight: 400;\">Wir bewahren die gesammelten Informationen nur so lange auf, wie dies f\u00fcr die Erbringung der angeforderten Dienstleistung erforderlich ist. Wenn wir Daten speichern, sch\u00fctzen wir sie innerhalb kommerziell akzeptabler Mittel, um Verlust und Diebstahl sowie unbefugten Zugriff, Offenlegung, Kopieren, Verwendung oder \u00c4nderung zu verhindern.<\/span><\/p>\n<p><span style=\"font-weight: 400;\">Wir ver\u00f6ffentlichen keine personenbezogenen Daten oder geben sie an Dritte weiter, es sei denn, dies ist gesetzlich vorgeschrieben.<\/span><\/p>\n<p><span style=\"font-weight: 400;\">Unsere<\/span> <i><span style=\"font-weight: 400;\">Website<\/span><\/i> <span style=\"font-weight: 400;\">kann<\/span> <i><span style=\"font-weight: 400;\">Links<\/span><\/i><span style=\"font-weight: 400;\"> zu externen Websites enthalten, die nicht von uns betrieben werden. Bitte beachten Sie, dass wir keine Kontrolle \u00fcber den Inhalt und die Praktiken dieser <\/span><i><span style=\"font-weight: 400;\">Websites<\/span><\/i> <span style=\"font-weight: 400;\">haben und keine Verantwortung f\u00fcr deren jeweilige Datenschutzrichtlinien \u00fcbernehmen k\u00f6nnen.<\/span><\/p>\n<p><span style=\"font-weight: 400;\">Es steht Ihnen frei, unsere Anfrage nach personenbezogenen Daten abzulehnen. Bitte haben Sie Verst\u00e4ndnis daf\u00fcr, dass wir in diesem Fall m\u00f6glicherweise nicht in der Lage sind, einige der von Ihnen gew\u00fcnschten Dienste bereitzustellen.<\/span><\/p>\n<p><span style=\"font-weight: 400;\">Die weitere Nutzung unserer<\/span> <i><span style=\"font-weight: 400;\">Website<\/span><\/i><span style=\"font-weight: 400;\"> gilt als Annahme unserer Datenschutzpraktiken. Bei Fragen zum Umgang mit Nutzerdaten und personenbezogenen Daten wenden Sie sich bitte an uns.<\/span><\/p>\n<ul>\n<li style=\"font-weight: 400;\" aria-level=\"1\"><span style=\"font-weight: 400;\">Der AdSense-Dienst, den wir m\u00f6glicherweise zum Schalten von Werbung verwenden,<\/span> <i><span style=\"font-weight: 400;\">verwendet ein<\/span><\/i> <span style=\"font-weight: 400;\">DoubleClick-Cookie, um relevantere Anzeigen im Web bereitzustellen und die Anzahl einer bestimmten Anzeige zu begrenzen.<\/span> <\/li>\n<li style=\"font-weight: 400;\" aria-level=\"1\"><span style=\"font-weight: 400;\">Weitere Informationen zu AdSense finden Sie in den offiziellen AdSense-Datenschutz-FAQs. <\/span><\/li>\n<li style=\"font-weight: 400;\" aria-level=\"1\"><span style=\"font-weight: 400;\">Wir k\u00f6nnen m\u00f6glicherweise Anzeigen verwenden, um die Kosten f\u00fcr den Betrieb dieser<\/span> <i><span style=\"font-weight: 400;\">Website<\/span><\/i><span style=\"font-weight: 400;\"> auszugleichen und Mittel f\u00fcr zuk\u00fcnftige Entwicklungen zu erhalten. Die <\/span><i><span style=\"font-weight: 400;\">in diesem<\/span><\/i> <span style=\"font-weight: 400;\">Fall von dieser Website verwendeten Cookies f\u00fcr<\/span> <i><span style=\"font-weight: 400;\">verhaltensbasierte<\/span><\/i> <span style=\"font-weight: 400;\">Werbung sollen sicherstellen, dass Ihnen wann immer m\u00f6glich die relevanteste Werbung angezeigt wird, sowie anonym Ihre Interessen verfolgt und \u00e4hnliche Themen pr\u00e4sentiert werden, die Sie interessieren k\u00f6nnten.<\/span> <\/li>\n<li style=\"font-weight: 400;\" aria-level=\"1\"><span style=\"font-weight: 400;\">Verschiedene Partner k\u00f6nnen m\u00f6glicherweise auf unserer<\/span> <i><span style=\"font-weight: 400;\">Website<\/span><\/i> <span style=\"font-weight: 400;\">werben<\/span>, <i><span style=\"font-weight: 400;\">und<\/span><\/i> <span style=\"font-weight: 400;\">Affiliate-Tracking-Cookies erm\u00f6glichen es uns zu sehen, ob unsere Kunden \u00fcber eine ihrer Websites auf die<\/span> <i><span style=\"font-weight: 400;\">Website<\/span><\/i> <span style=\"font-weight: 400;\">zugegriffen haben, damit wir dies angemessen gutschreiben k\u00f6nnen und gegebenenfalls unseren Affiliate-Partnern erlauben, Werbeaktionen anzubieten.<\/span> <\/li>\n<\/ul>\n<p><b>Pflichten des Nutzers<\/b><\/p>\n<p>Der Nutzer verpflichtet sich, die von dieser <i><span style=\"font-weight: 400;\">Website<\/span><\/i> <span style=\"font-weight: 400;\">angebotenen Inhalte und Informationen angemessen zu<\/span> <span style=\"font-weight: 400;\">nutzen, insbesondere<\/span><\/p>\n<p style=\"padding-left: 40px;\"><span style=\"font-weight: 400;\">A) sich auf der Website nicht an Aktivit\u00e4ten zu beteiligen, die rechtswidrig sind oder gegen gute Absichten und die \u00f6ffentliche<\/span> <i><span style=\"font-weight: 400;\">Ordnung versto\u00dfen<\/span><\/i><span style=\"font-weight: 400;\">;<\/span><\/p>\n<p style=\"padding-left: 40px;\"><span style=\"font-weight: 400;\">B) keine Propaganda jeglicher Art sowie keine Inhalte diskriminierender, rassistischer, fremdenfeindlicher Natur, Gl\u00fccksspiele, Pornografie, Verherrlichung von Terrorismus oder Menschenrechtsverletzungen und \u00e4hnliche Inhalte zu verbreiten;<\/span><\/p>\n<p style=\"padding-left: 40px;\"><span style=\"font-weight: 400;\">C) keine Sch\u00e4den an den physischen <\/span><i><span style=\"font-weight: 400;\">(Hardware)<\/span><\/i><span style=\"font-weight: 400;\"> und logischen <\/span><i><span style=\"font-weight: 400;\">(Software)<\/span><\/i><span style=\"font-weight: 400;\"> Systemen unserer <\/span><i><span style=\"font-weight: 400;\">Website<\/span><\/i><span style=\"font-weight: 400;\">, ihren Zubringern oder Dritten zu verursachen, indem Computerviren oder andere <\/span><i><span style=\"font-weight: 400;\">Hardware<\/span><\/i><span style=\"font-weight: 400;\"> oder <\/span><i><span style=\"font-weight: 400;\">Softwaresysteme<\/span><\/i><span style=\"font-weight: 400;\"> eingef\u00fchrt oder verbreitet werden, die die oben genannten Sch\u00e4den verursachen k\u00f6nnen.<\/span><\/p>\n<p><span style=\"font-weight: 400;\">Dieser Text wurde mit dem Generator f\u00fcr Pol\u00edtica de Privacidade e Termos de Uso auf www.politicaprivacidade.com erstellt und angepasst.<\/span><\/p>\n<\/div><\/div><\/div><\/div><\/div>\n","protected":false},"excerpt":{"rendered":"","protected":false},"author":1,"featured_media":0,"parent":0,"menu_order":0,"comment_status":"closed","ping_status":"closed","template":"","meta":{"footnotes":""},"class_list":["post-2302","page","type-page","status-publish","hentry"],"_links":{"self":[{"href":"https:\/\/geoloquium.eu\/de\/wp-json\/wp\/v2\/pages\/2302","targetHints":{"allow":["GET"]}}],"collection":[{"href":"https:\/\/geoloquium.eu\/de\/wp-json\/wp\/v2\/pages"}],"about":[{"href":"https:\/\/geoloquium.eu\/de\/wp-json\/wp\/v2\/types\/page"}],"author":[{"embeddable":true,"href":"https:\/\/geoloquium.eu\/de\/wp-json\/wp\/v2\/users\/1"}],"replies":[{"embeddable":true,"href":"https:\/\/geoloquium.eu\/de\/wp-json\/wp\/v2\/comments?post=2302"}],"version-history":[{"count":6,"href":"https:\/\/geoloquium.eu\/de\/wp-json\/wp\/v2\/pages\/2302\/revisions"}],"predecessor-version":[{"id":2754,"href":"https:\/\/geoloquium.eu\/de\/wp-json\/wp\/v2\/pages\/2302\/revisions\/2754"}],"wp:attachment":[{"href":"https:\/\/geoloquium.eu\/de\/wp-json\/wp\/v2\/media?parent=2302"}],"curies":[{"name":"wp","href":"https:\/\/api.w.org\/{rel}","templated":true}]}}