{"id":2277,"date":"2022-01-27T11:54:55","date_gmt":"2022-01-27T11:54:55","guid":{"rendered":"http:\/\/geoloquium.eu\/routen\/"},"modified":"2024-02-13T19:26:15","modified_gmt":"2024-02-13T19:26:15","slug":"routen","status":"publish","type":"page","link":"https:\/\/geoloquium.eu\/de\/routen\/","title":{"rendered":"Touren"},"content":{"rendered":"<p><div class=\"fusion-fullwidth fullwidth-box fusion-builder-row-1 fusion-flex-container nonhundred-percent-fullwidth non-hundred-percent-height-scrolling\" style=\"--awb-border-radius-top-left:0px;--awb-border-radius-top-right:0px;--awb-border-radius-bottom-right:0px;--awb-border-radius-bottom-left:0px;--awb-margin-top:120px;--awb-margin-bottom:120px;--awb-flex-wrap:wrap;\" ><div class=\"fusion-builder-row fusion-row fusion-flex-align-items-flex-start fusion-flex-content-wrap\" style=\"max-width:1216.8px;margin-left: calc(-4% \/ 2 );margin-right: calc(-4% \/ 2 );\"><div class=\"fusion-layout-column fusion_builder_column fusion-builder-column-0 fusion_builder_column_1_1 1_1 fusion-flex-column\" style=\"--awb-padding-top:5%;--awb-padding-right:5%;--awb-padding-bottom:5%;--awb-padding-left:5%;--awb-bg-size:cover;--awb-width-large:100%;--awb-margin-top-large:0px;--awb-spacing-right-large:1.92%;--awb-margin-bottom-large:20px;--awb-spacing-left-large:1.92%;--awb-width-medium:100%;--awb-order-medium:0;--awb-spacing-right-medium:1.92%;--awb-spacing-left-medium:1.92%;--awb-width-small:100%;--awb-order-small:0;--awb-spacing-right-small:1.92%;--awb-spacing-left-small:1.92%;\"><div class=\"fusion-column-wrapper fusion-column-has-shadow fusion-flex-justify-content-flex-start fusion-content-layout-column\"><div class=\"fusion-text fusion-text-1\"><h3 class=\"fusion-responsive-typography-calculated\" style=\"text-align: center; --fontsize: 24; line-height: 1.2; --minfontsize: 24;\" data-fontsize=\"24\" data-lineheight=\"28.8px\">Zus\u00e4tzlich zu den angegebenen Touren k\u00f6nnen wir individuelle Aktivit\u00e4ten nach den W\u00fcnschen des Kunden durchf\u00fchren. <a href=\"https:\/\/geoloquium.eu\/de\/kontakt\/\">Wenden Sie sich an uns.<\/a><\/h3>\n<h3 class=\"fusion-responsive-typography-calculated\" style=\"text-align: center; --fontsize: 24; line-height: 1.2; --minfontsize: 24;\" data-fontsize=\"24\" data-lineheight=\"28.8px\">Die Touren \u201cRocha da Pena (Salir)\u201c, Die Touren \u201cRocha da Pena (Salir)\u201c, \u201cFonte Ben\u00e9mola und Pirin\u00e9u (Queren\u00e7a)\u201c, \u201ePlateau von Escarp\u00e3o\u201c und \u201eSteinsalzbergwerk von Loul\u00e9\u201c befinden sich im Gebiet des angehenden <strong>Geoparque Algarvensis<\/strong>. Der geologische Wanderweg im Geosite \u201e<a href=\"https:\/\/storymaps.arcgis.com\/stories\/b711579310b84aaf9e7383f6965f70f0\">Plateau von Escarp\u00e3o<\/a>\u201c wurde von einem Team bestehend aus Delminda Moura, S\u00f3nia Oliveira und Lu\u00eds Pereira (Koordinator) ausgearbeitet.<\/p>\n<p>Gegenw\u00e4rtig k\u00f6nnen die folgenden geologischen Wanderungen im Gel\u00e4nde (&#8222;Gesteine &amp; Geschichten&#8220;), in der Stadt (&#8222;Geb\u00e4ude, Gesteine &amp; Geschichten\u201c) und in den Minen (&#8222;Verborgene Sch\u00e4tze\u201c) gebucht werden.<\/h3>\n<\/div><\/div><\/div><\/div><\/div><div class=\"fusion-fullwidth fullwidth-box fusion-builder-row-2 fusion-flex-container hundred-percent-fullwidth non-hundred-percent-height-scrolling\" style=\"--awb-border-radius-top-left:0px;--awb-border-radius-top-right:0px;--awb-border-radius-bottom-right:0px;--awb-border-radius-bottom-left:0px;--awb-padding-right:5%;--awb-padding-left:5%;--awb-margin-bottom:120px;--awb-flex-wrap:wrap;\" ><div class=\"fusion-builder-row fusion-row fusion-flex-align-items-flex-start fusion-flex-content-wrap\" style=\"width:104% !important;max-width:104% !important;margin-left: calc(-4% \/ 2 );margin-right: calc(-4% \/ 2 );\"><div class=\"fusion-layout-column fusion_builder_column fusion-builder-column-1 fusion_builder_column_1_3 1_3 fusion-flex-column fusion-flex-align-self-stretch fusion-column-inner-bg-wrapper\" style=\"--awb-padding-top:50px;--awb-padding-right:50px;--awb-padding-bottom:50px;--awb-padding-left:50px;--awb-inner-bg-image:linear-gradient(180deg, rgba(0,0,0,0) 0%,rgba(0,0,0,0.62) 30%);;--awb-inner-bg-size:cover;--awb-width-large:33.333333333333%;--awb-margin-top-large:0px;--awb-spacing-right-large:5.76%;--awb-margin-bottom-large:20px;--awb-spacing-left-large:5.76%;--awb-width-medium:100%;--awb-order-medium:0;--awb-spacing-right-medium:1.92%;--awb-spacing-left-medium:1.92%;--awb-width-small:100%;--awb-order-small:0;--awb-spacing-right-small:1.92%;--awb-spacing-left-small:1.92%;\"><span class=\"fusion-column-inner-bg hover-type-none\"><a class=\"fusion-column-anchor\" href=\"https:\/\/geoloquium.eu\/de\/gesteine-geschichten\/\" aria-label=\"Passeios Empredrados\"><span class=\"fusion-column-inner-bg-image lazyload\" data-bg=\"http:\/\/geoloquium.eu\/wp-content\/uploads\/2022\/06\/Foto15-1024x683.jpg\" data-bg-gradient=\"linear-gradient(180deg, rgba(0,0,0,0) 0%,rgba(0,0,0,0.62) 30%)\"><\/span><\/a><\/span><div class=\"fusion-column-wrapper fusion-column-has-shadow fusion-flex-justify-content-space-around fusion-content-layout-column fusion-column-has-bg-image\" data-bg-url=\"http:\/\/geoloquium.eu\/wp-content\/uploads\/2022\/06\/Foto15-1024x683.jpg\"><div class=\"fusion-separator fusion-full-width-sep\" style=\"align-self: center;margin-left: auto;margin-right: auto;margin-top:100px;margin-bottom:100px;width:100%;\"><\/div><div class=\"fusion-text fusion-text-2\" style=\"--awb-text-color:var(--awb-color1);\"><h6 class=\"fusion-responsive-typography-calculated\" style=\"--fontsize: 11; line-height: 1.2; --minfontsize: 11;\" data-fontsize=\"11\" data-lineheight=\"13.2px\"><span style=\"color: #ffffff; font-size: 18px;\" data-fusion-font=\"true\">&#8222;Verborgene Sch\u00e4tze&#8220;<\/span><\/h6>\n<h4 class=\"fusion-responsive-typography-calculated\" style=\"--fontsize: 18; line-height: 1.2; --minfontsize: 18;\" data-fontsize=\"18\" data-lineheight=\"21.6px\"><a href=\"https:\/\/geoloquium.eu\/de\/gesteine-geschichten\/\"><span style=\"color: #ffffff;\">Gesteine &amp; Geschichte(n) &gt;&gt;&gt; <\/span><\/a><\/h4>\n<\/div><\/div><\/div><div class=\"fusion-layout-column fusion_builder_column fusion-builder-column-2 fusion_builder_column_1_3 1_3 fusion-flex-column fusion-flex-align-self-stretch fusion-column-inner-bg-wrapper\" style=\"--awb-padding-top:50px;--awb-padding-right:50px;--awb-padding-bottom:50px;--awb-padding-left:50px;--awb-inner-bg-image:linear-gradient(180deg, rgba(0,0,0,0) 0%,rgba(0,0,0,0.62) 30%);;--awb-inner-bg-size:cover;--awb-width-large:33.333333333333%;--awb-margin-top-large:0px;--awb-spacing-right-large:5.76%;--awb-margin-bottom-large:20px;--awb-spacing-left-large:5.76%;--awb-width-medium:100%;--awb-order-medium:0;--awb-spacing-right-medium:1.92%;--awb-spacing-left-medium:1.92%;--awb-width-small:100%;--awb-order-small:0;--awb-spacing-right-small:1.92%;--awb-spacing-left-small:1.92%;\"><span class=\"fusion-column-inner-bg hover-type-none\"><a class=\"fusion-column-anchor\" href=\"https:\/\/geoloquium.eu\/de\/gebaeude-gesteine-geschichten\/\"><span class=\"fusion-column-inner-bg-image lazyload\" data-bg=\"http:\/\/geoloquium.eu\/wp-content\/uploads\/2022\/06\/Foto71-1024x768.jpg\" data-bg-gradient=\"linear-gradient(180deg, rgba(0,0,0,0) 0%,rgba(0,0,0,0.62) 30%)\"><\/span><\/a><\/span><div class=\"fusion-column-wrapper fusion-column-has-shadow fusion-flex-justify-content-space-around fusion-content-layout-column fusion-column-has-bg-image\" data-bg-url=\"http:\/\/geoloquium.eu\/wp-content\/uploads\/2022\/06\/Foto71-1024x768.jpg\"><div class=\"fusion-separator fusion-full-width-sep\" style=\"align-self: center;margin-left: auto;margin-right: auto;margin-top:100px;margin-bottom:100px;width:100%;\"><\/div><div class=\"fusion-text fusion-text-3\" style=\"--awb-text-color:var(--awb-color1);\"><h6 class=\"\" style=\"--fontsize: 11; line-height: 1.2; --minfontsize: 11;\" data-fontsize=\"11\" data-lineheight=\"13.2px\"><span style=\"color: #ffffff; font-size: 18px;\" data-fusion-font=\"true\">Stadt<\/span><\/h6>\n<h4 class=\"\" style=\"--fontsize: 18; line-height: 1.2; --minfontsize: 18;\" data-fontsize=\"18\" data-lineheight=\"21.6px\"><a href=\"https:\/\/geoloquium.eu\/de\/gebaeude-gesteine-geschichten\/\"><span style=\"color: #ffffff;\">Geb\u00e4ude, Gesteine &amp; Geschichte(n) &gt;&gt;&gt; <\/span><\/a><\/h4>\n<\/div><\/div><\/div><div class=\"fusion-layout-column fusion_builder_column fusion-builder-column-3 fusion_builder_column_1_3 1_3 fusion-flex-column fusion-flex-align-self-stretch fusion-column-inner-bg-wrapper\" style=\"--awb-padding-top:50px;--awb-padding-right:50px;--awb-padding-bottom:50px;--awb-padding-left:50px;--awb-inner-bg-image:linear-gradient(180deg, rgba(0,0,0,0) 0%,rgba(0,0,0,0.62) 30%);;--awb-inner-bg-size:cover;--awb-width-large:33.333333333333%;--awb-margin-top-large:0px;--awb-spacing-right-large:5.76%;--awb-margin-bottom-large:20px;--awb-spacing-left-large:5.76%;--awb-width-medium:100%;--awb-order-medium:0;--awb-spacing-right-medium:1.92%;--awb-spacing-left-medium:1.92%;--awb-width-small:100%;--awb-order-small:0;--awb-spacing-right-small:1.92%;--awb-spacing-left-small:1.92%;\" data-scroll-devices=\"small-visibility,medium-visibility,large-visibility\"><span class=\"fusion-column-inner-bg hover-type-none\"><a class=\"fusion-column-anchor\" href=\"https:\/\/geoloquium.eu\/de\/minen\/\" aria-label=\"Minas\"><span class=\"fusion-column-inner-bg-image lazyload\" data-bg=\"http:\/\/geoloquium.eu\/wp-content\/uploads\/2023\/12\/Homepage-3-600x400.jpg\" data-bg-gradient=\"linear-gradient(180deg, rgba(0,0,0,0) 0%,rgba(0,0,0,0.62) 30%)\"><\/span><\/a><\/span><div class=\"fusion-column-wrapper fusion-column-has-shadow fusion-flex-justify-content-space-around fusion-content-layout-column fusion-column-has-bg-image\" data-bg-url=\"http:\/\/geoloquium.eu\/wp-content\/uploads\/2023\/12\/Homepage-3-600x400.jpg\"><div class=\"fusion-separator fusion-full-width-sep\" style=\"align-self: center;margin-left: auto;margin-right: auto;margin-top:100px;margin-bottom:100px;width:100%;\"><\/div><div class=\"fusion-text fusion-text-4\" style=\"--awb-text-color:var(--awb-color1);\"><h6 class=\"fusion-responsive-typography-calculated\" style=\"--fontsize: 11; line-height: 1.2; --minfontsize: 11;\" data-fontsize=\"11\" data-lineheight=\"13.2px\"><span style=\"color: #ffffff; font-size: 18px;\" data-fusion-font=\"true\">Minas<\/span><\/h6>\n<h4 class=\"fusion-responsive-typography-calculated\" style=\"--fontsize: 18; line-height: 1.2; --minfontsize: 18;\" data-fontsize=\"18\" data-lineheight=\"21.6px\"><span style=\"color: #ffffff;\">&#8222;Verborgene Sch\u00e4tze&#8220; &gt;&gt;&gt; <\/span><\/h4>\n<\/div><\/div><\/div><\/div><\/div><div class=\"fusion-fullwidth fullwidth-box fusion-builder-row-3 fusion-flex-container hundred-percent-fullwidth non-hundred-percent-height-scrolling\" style=\"--link_hover_color: var(--awb-color4);--link_color: var(--awb-color1);--awb-border-radius-top-left:0px;--awb-border-radius-top-right:0px;--awb-border-radius-bottom-right:0px;--awb-border-radius-bottom-left:0px;--awb-padding-right:5%;--awb-padding-left:5%;--awb-margin-bottom:50px;--awb-flex-wrap:wrap;\" ><div class=\"fusion-builder-row fusion-row fusion-flex-align-items-flex-start fusion-flex-content-wrap\" style=\"width:104% !important;max-width:104% !important;margin-left: calc(-4% \/ 2 );margin-right: calc(-4% \/ 2 );\"><div class=\"fusion-layout-column fusion_builder_column fusion-builder-column-4 fusion_builder_column_1_1 1_1 fusion-flex-column\" style=\"--awb-bg-size:cover;--awb-width-large:100%;--awb-margin-top-large:0px;--awb-spacing-right-large:1.92%;--awb-margin-bottom-large:20px;--awb-spacing-left-large:1.92%;--awb-width-medium:100%;--awb-order-medium:0;--awb-spacing-right-medium:1.92%;--awb-spacing-left-medium:1.92%;--awb-width-small:100%;--awb-order-small:0;--awb-spacing-right-small:1.92%;--awb-spacing-left-small:1.92%;\"><div class=\"fusion-column-wrapper fusion-column-has-shadow fusion-flex-justify-content-flex-start fusion-content-layout-column\"><div class=\"fusion-image-element \" style=\"text-align:center;--awb-caption-title-font-family:var(--h2_typography-font-family);--awb-caption-title-font-weight:var(--h2_typography-font-weight);--awb-caption-title-font-style:var(--h2_typography-font-style);--awb-caption-title-size:var(--h2_typography-font-size);--awb-caption-title-transform:var(--h2_typography-text-transform);--awb-caption-title-line-height:var(--h2_typography-line-height);--awb-caption-title-letter-spacing:var(--h2_typography-letter-spacing);\"><span class=\" fusion-imageframe imageframe-none imageframe-1 hover-type-none\"><img decoding=\"async\" width=\"2256\" height=\"979\" alt=\"Mapa Geoloquium\n\" title=\"Mapa-Principal@2x\" src=\"https:\/\/geoloquium.eu\/wp-content\/uploads\/2024\/02\/Mapa-Principal@2x.png\" data-orig-src=\"http:\/\/geoloquium.eu\/wp-content\/uploads\/2024\/02\/Mapa-Principal@2x.png\" class=\"lazyload img-responsive wp-image-3383\" srcset=\"data:image\/svg+xml,%3Csvg%20xmlns%3D%27http%3A%2F%2Fwww.w3.org%2F2000%2Fsvg%27%20width%3D%272256%27%20height%3D%27979%27%20viewBox%3D%270%200%202256%20979%27%3E%3Crect%20width%3D%272256%27%20height%3D%27979%27%20fill-opacity%3D%220%22%2F%3E%3C%2Fsvg%3E\" data-srcset=\"https:\/\/geoloquium.eu\/wp-content\/uploads\/2024\/02\/Mapa-Principal@2x-200x87.png 200w, https:\/\/geoloquium.eu\/wp-content\/uploads\/2024\/02\/Mapa-Principal@2x-400x174.png 400w, https:\/\/geoloquium.eu\/wp-content\/uploads\/2024\/02\/Mapa-Principal@2x-600x260.png 600w, https:\/\/geoloquium.eu\/wp-content\/uploads\/2024\/02\/Mapa-Principal@2x-800x347.png 800w, https:\/\/geoloquium.eu\/wp-content\/uploads\/2024\/02\/Mapa-Principal@2x-1200x521.png 1200w, https:\/\/geoloquium.eu\/wp-content\/uploads\/2024\/02\/Mapa-Principal@2x.png 2256w\" data-sizes=\"auto\" data-orig-sizes=\"(max-width: 1024px) 100vw, (max-width: 640px) 100vw, 1200px\" \/><\/span><\/div><\/div><\/div><\/div><\/div><div class=\"fusion-fullwidth fullwidth-box fusion-builder-row-4 fusion-flex-container hundred-percent-fullwidth non-hundred-percent-height-scrolling\" style=\"--awb-border-radius-top-left:0px;--awb-border-radius-top-right:0px;--awb-border-radius-bottom-right:0px;--awb-border-radius-bottom-left:0px;--awb-padding-right:5%;--awb-padding-left:5%;--awb-margin-bottom:50px;--awb-flex-wrap:wrap;\" ><div class=\"fusion-builder-row fusion-row fusion-flex-align-items-flex-start fusion-flex-content-wrap\" style=\"width:104% !important;max-width:104% !important;margin-left: calc(-4% \/ 2 );margin-right: calc(-4% \/ 2 );\"><div class=\"fusion-layout-column fusion_builder_column fusion-builder-column-5 fusion_builder_column_1_1 1_1 fusion-flex-column fusion-flex-align-self-center\" style=\"--awb-bg-color:var(--awb-color4);--awb-bg-color-hover:var(--awb-color4);--awb-bg-size:cover;--awb-width-large:100%;--awb-margin-top-large:0px;--awb-spacing-right-large:1.92%;--awb-margin-bottom-large:20px;--awb-spacing-left-large:1.92%;--awb-width-medium:100%;--awb-order-medium:0;--awb-spacing-right-medium:1.92%;--awb-spacing-left-medium:1.92%;--awb-width-small:100%;--awb-order-small:0;--awb-spacing-right-small:1.92%;--awb-spacing-left-small:1.92%;\"><div class=\"fusion-column-wrapper fusion-column-has-shadow fusion-flex-justify-content-space-evenly fusion-content-layout-row\"><div class=\"fusion-text fusion-text-5 fusion-text-no-margin\" style=\"--awb-text-color:var(--awb-color1);--awb-margin-top:30px;--awb-margin-bottom:30px;\"><h2 style=\"text-align: center;\"><span style=\"color: #ffffff;\">Weitere Angebote sind in Vorbereitung.<\/span><\/h2>\n<\/div><\/div><\/div><\/div><\/div><div id=\"reserva\" class=\"fusion-container-anchor\"><div class=\"fusion-fullwidth fullwidth-box fusion-builder-row-5 fusion-flex-container has-pattern-background has-mask-background nonhundred-percent-fullwidth non-hundred-percent-height-scrolling\" style=\"--awb-background-position:left top;--awb-background-blend-mode:multiply;--awb-border-radius-top-left:0px;--awb-border-radius-top-right:0px;--awb-border-radius-bottom-right:0px;--awb-border-radius-bottom-left:0px;--awb-padding-top:25px;--awb-padding-right:10%;--awb-padding-bottom:25px;--awb-padding-left:25px;--awb-margin-bottom:25px;--awb-background-color:var(--awb-color5);--awb-flex-wrap:wrap;\" ><div class=\"fusion-builder-row fusion-row fusion-flex-align-items-flex-start fusion-flex-align-content-flex-start fusion-flex-content-wrap\" style=\"max-width:1216.8px;margin-left: calc(-4% \/ 2 );margin-right: calc(-4% \/ 2 );\"><div class=\"fusion-layout-column fusion_builder_column fusion-builder-column-6 fusion_builder_column_1_5 1_5 fusion-flex-column fusion-flex-align-self-flex-start\" style=\"--awb-bg-size:cover;--awb-width-large:20%;--awb-margin-top-large:0px;--awb-spacing-right-large:9.6%;--awb-margin-bottom-large:20px;--awb-spacing-left-large:9.6%;--awb-width-medium:100%;--awb-order-medium:0;--awb-spacing-right-medium:1.92%;--awb-spacing-left-medium:1.92%;--awb-width-small:100%;--awb-order-small:0;--awb-spacing-right-small:1.92%;--awb-spacing-left-small:1.92%;\"><div class=\"fusion-column-wrapper fusion-column-has-shadow fusion-flex-justify-content-flex-start fusion-content-layout-column\"><div class=\"fusion-text fusion-text-6\" style=\"--awb-text-color:var(--awb-color1);\"><h3 style=\"color: #ffffff;\"><\/h3>\n<\/div><\/div><\/div><div class=\"fusion-layout-column fusion_builder_column fusion-builder-column-7 fusion_builder_column_2_3 2_3 fusion-flex-column fusion-flex-align-self-flex-start\" style=\"--awb-bg-size:cover;--awb-width-large:66.666666666667%;--awb-margin-top-large:0px;--awb-spacing-right-large:2.88%;--awb-margin-bottom-large:20px;--awb-spacing-left-large:2.88%;--awb-width-medium:100%;--awb-order-medium:0;--awb-spacing-right-medium:1.92%;--awb-spacing-left-medium:1.92%;--awb-width-small:100%;--awb-order-small:0;--awb-spacing-right-small:1.92%;--awb-spacing-left-small:1.92%;\"><div class=\"fusion-column-wrapper fusion-column-has-shadow fusion-flex-justify-content-flex-start fusion-content-layout-column\"><div class=\"fusion-text fusion-text-7\" style=\"--awb-font-size:20px;\"><h3 class=\"\" style=\"--fontsize: 24; line-height: 1.2; --minfontsize: 24;\" data-fontsize=\"24\" data-lineheight=\"28.8px\"><span style=\"color: #ffffff;\">Buchungs- und Zahlungsbedingungen <\/span><\/h3>\n<h4 class=\"\" style=\"--fontsize: 18; --minfontsize: 18; line-height: 0;\" data-fontsize=\"18\"><span style=\"color: #ffffff;\" data-fusion-font=\"true\">(Was normalerweise im Kleingedruckten steht)<\/span><\/h4>\n<ul>\n<li><span style=\"color: #ffffff;\">Falls eine Tour in einem Zeitraum von \u00fcber 48 Stunden vor ihrem Beginn gebucht wird: Sie schicken eine E-Mail an <b>info@geoloquium.eu<\/b> und geben die gew\u00fcnschte Tour, Datum und Uhrzeit, sowie die Anzahl der Teilnehmerinnen und Teilnehmer sowie deren Alter an. F\u00fcr die Ausstellung einer Quittung bitten wir Sie um die Zusendung Ihrer Daten wie Name, Adresse und Steuernummer. <\/span><\/li>\n<li><span style=\"color: #ffffff;\">In der Antwort teilen wir Ihnen den Gesamtbetrag und unsere IBAN mit und best\u00e4tigen den Termin.<\/span><\/li>\n<li><span style=\"color: #ffffff;\">Sie k\u00f6nnen den gesamten Betrag oder wahlweise zun\u00e4chst die H\u00e4lfte \u00fcberweisen. Der Rest wird dann am Tag des Besuchs in bar bezahlt. <\/span><\/li>\n<li><span style=\"color: #ffffff;\">Bitte schicken Sie uns die Best\u00e4tigung der \u00dcberweisung. Die Reservierung ist erst nach Zahlung von mindestens der H\u00e4lfte des Gesamtbetrages g\u00fcltig. <\/span><\/li>\n<li><span style=\"color: #ffffff;\">Wir best\u00e4tigen den Zahlungseingang, sowie nochmals Datum und Uhrzeit und geben detaillierte Informationen zum Treffpunkt.<\/span><\/li>\n<li><span style=\"color: #ffffff;\">Im Fall einer Absage bis zu 48 Stunden vor Beginn der Tour werden 100% der Zahlung zur\u00fcckerstattet. Falls die Absage nach dieser Frist und bis zu 12 Stunden vor Beginn der Tour erfolgt, werden 50% der Zahlung zur\u00fcckerstattet. Danach und im Fall, dass keine Kundin oder kein Kunde am Treffpunkt erscheint, findet keine Erstattung des bezahlten Betrags statt. Falls die Tour von uns aus abgesagt wird, werden selbstverst\u00e4ndlich 100% des bezahlten   <\/span><span style=\"color: #ffffff;\">Betrags erstattet<\/span><\/li>\n<li><span style=\"color: #ffffff;\">Falls eine Tour in einem Zeitraum von weniger als 48 Stunden vor ihrem Beginn gebucht wird, kann sie am Treffpunkt und mit Bargeld bezahlt werden. Bitte treten Sie telefonisch oder via E-mail in Kontakt mit uns. Im Fall einer Absage Ihrerseits freuen wir uns \u00fcber eine rechtzeitige Nachricht von Ihnen.  <\/span><\/li>\n<li><span style=\"color: #ffffff;\">Die angezeigten Preise schlie\u00dfen keinen Transport ein. Der Weg und das Transportmittel bis zum Ausgangspunktes liegen in der Verantwortung der Kundinnen und Kunden.<br \/>\n<\/span><\/li>\n<li><span style=\"color: #ffffff;\">Sie haben keine Transportm\u00f6glichkeit? Wenden Sie sich an uns. Wir k\u00f6nnen Ihnen helfen, eine L\u00f6sung zu finden.<br \/>\n<\/span><\/li>\n<\/ul>\n<\/div><\/div><\/div><\/div><\/div><\/div><\/p>\n","protected":false},"excerpt":{"rendered":"","protected":false},"author":1,"featured_media":1971,"parent":0,"menu_order":0,"comment_status":"closed","ping_status":"closed","template":"100-width.php","meta":{"footnotes":""},"class_list":["post-2277","page","type-page","status-publish","has-post-thumbnail","hentry"],"_links":{"self":[{"href":"https:\/\/geoloquium.eu\/de\/wp-json\/wp\/v2\/pages\/2277","targetHints":{"allow":["GET"]}}],"collection":[{"href":"https:\/\/geoloquium.eu\/de\/wp-json\/wp\/v2\/pages"}],"about":[{"href":"https:\/\/geoloquium.eu\/de\/wp-json\/wp\/v2\/types\/page"}],"author":[{"embeddable":true,"href":"https:\/\/geoloquium.eu\/de\/wp-json\/wp\/v2\/users\/1"}],"replies":[{"embeddable":true,"href":"https:\/\/geoloquium.eu\/de\/wp-json\/wp\/v2\/comments?post=2277"}],"version-history":[{"count":50,"href":"https:\/\/geoloquium.eu\/de\/wp-json\/wp\/v2\/pages\/2277\/revisions"}],"predecessor-version":[{"id":3475,"href":"https:\/\/geoloquium.eu\/de\/wp-json\/wp\/v2\/pages\/2277\/revisions\/3475"}],"wp:featuredmedia":[{"embeddable":true,"href":"https:\/\/geoloquium.eu\/de\/wp-json\/wp\/v2\/media\/1971"}],"wp:attachment":[{"href":"https:\/\/geoloquium.eu\/de\/wp-json\/wp\/v2\/media?parent=2277"}],"curies":[{"name":"wp","href":"https:\/\/api.w.org\/{rel}","templated":true}]}}